{"id":10873,"date":"2025-04-22T11:55:06","date_gmt":"2025-04-22T09:55:06","guid":{"rendered":"https:\/\/filter.eu\/?page_id=10873"},"modified":"2025-05-16T13:22:55","modified_gmt":"2025-05-16T11:22:55","slug":"seminar-toostuse-elektrifitseerimine-ja-energiatohusus-2025","status":"publish","type":"page","link":"https:\/\/filter.eu\/et\/seminar-toostuse-elektrifitseerimine-ja-energiatohusus-2025\/","title":{"rendered":"Seminar: T\u00f6\u00f6stuse elektrifitseerimine ja energiat\u00f5husus 2025"},"content":{"rendered":"","protected":false},"excerpt":{"rendered":"","protected":false},"author":2,"featured_media":0,"parent":0,"menu_order":0,"comment_status":"closed","ping_status":"closed","template":"","meta":{"_acf_changed":false,"inline_featured_image":false,"footnotes":""},"class_list":["post-10873","page","type-page","status-publish","hentry"],"acf":[],"_links":{"self":[{"href":"https:\/\/filter.eu\/et\/wp-json\/wp\/v2\/pages\/10873","targetHints":{"allow":["GET"]}}],"collection":[{"href":"https:\/\/filter.eu\/et\/wp-json\/wp\/v2\/pages"}],"about":[{"href":"https:\/\/filter.eu\/et\/wp-json\/wp\/v2\/types\/page"}],"author":[{"embeddable":true,"href":"https:\/\/filter.eu\/et\/wp-json\/wp\/v2\/users\/2"}],"replies":[{"embeddable":true,"href":"https:\/\/filter.eu\/et\/wp-json\/wp\/v2\/comments?post=10873"}],"version-history":[{"count":29,"href":"https:\/\/filter.eu\/et\/wp-json\/wp\/v2\/pages\/10873\/revisions"}],"predecessor-version":[{"id":12184,"href":"https:\/\/filter.eu\/et\/wp-json\/wp\/v2\/pages\/10873\/revisions\/12184"}],"wp:attachment":[{"href":"https:\/\/filter.eu\/et\/wp-json\/wp\/v2\/media?parent=10873"}],"curies":[{"name":"wp","href":"https:\/\/api.w.org\/{rel}","templated":true}]}}