{"id":13115,"date":"2025-08-22T10:28:07","date_gmt":"2025-08-22T08:28:07","guid":{"rendered":"https:\/\/filter.eu\/?page_id=13115"},"modified":"2025-09-12T13:45:43","modified_gmt":"2025-09-12T11:45:43","slug":"seminar-ennetavad-lahendused-toostusvee-kasutuse-tohustamiseks","status":"publish","type":"page","link":"https:\/\/filter.eu\/et\/seminar-ennetavad-lahendused-toostusvee-kasutuse-tohustamiseks\/","title":{"rendered":"Seminar: Ennetavad lahendused t\u00f6\u00f6stusvee kasutuse t\u00f5hustamiseks"},"content":{"rendered":"","protected":false},"excerpt":{"rendered":"","protected":false},"author":2,"featured_media":12442,"parent":0,"menu_order":0,"comment_status":"closed","ping_status":"closed","template":"","meta":{"_acf_changed":false,"inline_featured_image":false,"footnotes":""},"class_list":["post-13115","page","type-page","status-publish","has-post-thumbnail","hentry"],"acf":[],"_links":{"self":[{"href":"https:\/\/filter.eu\/et\/wp-json\/wp\/v2\/pages\/13115","targetHints":{"allow":["GET"]}}],"collection":[{"href":"https:\/\/filter.eu\/et\/wp-json\/wp\/v2\/pages"}],"about":[{"href":"https:\/\/filter.eu\/et\/wp-json\/wp\/v2\/types\/page"}],"author":[{"embeddable":true,"href":"https:\/\/filter.eu\/et\/wp-json\/wp\/v2\/users\/2"}],"replies":[{"embeddable":true,"href":"https:\/\/filter.eu\/et\/wp-json\/wp\/v2\/comments?post=13115"}],"version-history":[{"count":29,"href":"https:\/\/filter.eu\/et\/wp-json\/wp\/v2\/pages\/13115\/revisions"}],"predecessor-version":[{"id":13545,"href":"https:\/\/filter.eu\/et\/wp-json\/wp\/v2\/pages\/13115\/revisions\/13545"}],"wp:featuredmedia":[{"embeddable":true,"href":"https:\/\/filter.eu\/et\/wp-json\/wp\/v2\/media\/12442"}],"wp:attachment":[{"href":"https:\/\/filter.eu\/et\/wp-json\/wp\/v2\/media?parent=13115"}],"curies":[{"name":"wp","href":"https:\/\/api.w.org\/{rel}","templated":true}]}}