{"id":16103,"date":"2026-03-16T17:09:22","date_gmt":"2026-03-16T15:09:22","guid":{"rendered":"https:\/\/filter.eu\/?page_id=16103"},"modified":"2026-04-06T16:34:10","modified_gmt":"2026-04-06T14:34:10","slug":"seminar-toostuse-energiasusteemid-praktikas","status":"publish","type":"page","link":"https:\/\/filter.eu\/et\/seminar-toostuse-energiasusteemid-praktikas\/","title":{"rendered":"&#8220;T\u00f6\u00f6stuse energias\u00fcsteemid praktikas: kus tekib kulu, kus peitub s\u00e4\u00e4st ja mida teha j\u00e4\u00e4kidega?&#8221;"},"content":{"rendered":"","protected":false},"excerpt":{"rendered":"","protected":false},"author":2,"featured_media":16112,"parent":0,"menu_order":0,"comment_status":"closed","ping_status":"closed","template":"","meta":{"_acf_changed":false,"inline_featured_image":false,"footnotes":""},"class_list":["post-16103","page","type-page","status-publish","has-post-thumbnail","hentry"],"acf":[],"_links":{"self":[{"href":"https:\/\/filter.eu\/et\/wp-json\/wp\/v2\/pages\/16103","targetHints":{"allow":["GET"]}}],"collection":[{"href":"https:\/\/filter.eu\/et\/wp-json\/wp\/v2\/pages"}],"about":[{"href":"https:\/\/filter.eu\/et\/wp-json\/wp\/v2\/types\/page"}],"author":[{"embeddable":true,"href":"https:\/\/filter.eu\/et\/wp-json\/wp\/v2\/users\/2"}],"replies":[{"embeddable":true,"href":"https:\/\/filter.eu\/et\/wp-json\/wp\/v2\/comments?post=16103"}],"version-history":[{"count":34,"href":"https:\/\/filter.eu\/et\/wp-json\/wp\/v2\/pages\/16103\/revisions"}],"predecessor-version":[{"id":16673,"href":"https:\/\/filter.eu\/et\/wp-json\/wp\/v2\/pages\/16103\/revisions\/16673"}],"wp:featuredmedia":[{"embeddable":true,"href":"https:\/\/filter.eu\/et\/wp-json\/wp\/v2\/media\/16112"}],"wp:attachment":[{"href":"https:\/\/filter.eu\/et\/wp-json\/wp\/v2\/media?parent=16103"}],"curies":[{"name":"wp","href":"https:\/\/api.w.org\/{rel}","templated":true}]}}