{"id":16125,"date":"2026-03-17T16:44:19","date_gmt":"2026-03-17T14:44:19","guid":{"rendered":"https:\/\/filter.eu\/?page_id=16125"},"modified":"2026-03-31T10:14:31","modified_gmt":"2026-03-31T08:14:31","slug":"seminar-kuidas-vahendada-veega-seotud-riske-toostuses","status":"publish","type":"page","link":"https:\/\/filter.eu\/et\/seminar-kuidas-vahendada-veega-seotud-riske-toostuses\/","title":{"rendered":"Seminar: Kuidas v\u00e4hendada veega seotud riske t\u00f6\u00f6stuses?"},"content":{"rendered":"","protected":false},"excerpt":{"rendered":"","protected":false},"author":2,"featured_media":16145,"parent":0,"menu_order":0,"comment_status":"closed","ping_status":"closed","template":"","meta":{"_acf_changed":false,"inline_featured_image":false,"footnotes":""},"class_list":["post-16125","page","type-page","status-publish","has-post-thumbnail","hentry"],"acf":[],"_links":{"self":[{"href":"https:\/\/filter.eu\/et\/wp-json\/wp\/v2\/pages\/16125","targetHints":{"allow":["GET"]}}],"collection":[{"href":"https:\/\/filter.eu\/et\/wp-json\/wp\/v2\/pages"}],"about":[{"href":"https:\/\/filter.eu\/et\/wp-json\/wp\/v2\/types\/page"}],"author":[{"embeddable":true,"href":"https:\/\/filter.eu\/et\/wp-json\/wp\/v2\/users\/2"}],"replies":[{"embeddable":true,"href":"https:\/\/filter.eu\/et\/wp-json\/wp\/v2\/comments?post=16125"}],"version-history":[{"count":15,"href":"https:\/\/filter.eu\/et\/wp-json\/wp\/v2\/pages\/16125\/revisions"}],"predecessor-version":[{"id":16607,"href":"https:\/\/filter.eu\/et\/wp-json\/wp\/v2\/pages\/16125\/revisions\/16607"}],"wp:featuredmedia":[{"embeddable":true,"href":"https:\/\/filter.eu\/et\/wp-json\/wp\/v2\/media\/16145"}],"wp:attachment":[{"href":"https:\/\/filter.eu\/et\/wp-json\/wp\/v2\/media?parent=16125"}],"curies":[{"name":"wp","href":"https:\/\/api.w.org\/{rel}","templated":true}]}}