{"id":15995,"date":"2025-12-01T21:44:58","date_gmt":"2025-12-01T19:44:58","guid":{"rendered":"https:\/\/filter.eu\/savery\/"},"modified":"2026-03-16T14:55:56","modified_gmt":"2026-03-16T12:55:56","slug":"savery-energijas-un-udens-sagatavosanas-tehnologijas","status":"publish","type":"page","link":"https:\/\/filter.eu\/lv\/savery-energijas-un-udens-sagatavosanas-tehnologijas\/","title":{"rendered":"SAVERY ener\u0123ijas un \u016bdens sagatavo\u0161anas tehnolo\u0123ijas"},"content":{"rendered":"","protected":false},"excerpt":{"rendered":"","protected":false},"author":2,"featured_media":16085,"parent":0,"menu_order":0,"comment_status":"closed","ping_status":"closed","template":"","meta":{"_acf_changed":false,"inline_featured_image":false,"footnotes":""},"class_list":["post-15995","page","type-page","status-publish","has-post-thumbnail","hentry"],"acf":[],"_links":{"self":[{"href":"https:\/\/filter.eu\/lv\/wp-json\/wp\/v2\/pages\/15995","targetHints":{"allow":["GET"]}}],"collection":[{"href":"https:\/\/filter.eu\/lv\/wp-json\/wp\/v2\/pages"}],"about":[{"href":"https:\/\/filter.eu\/lv\/wp-json\/wp\/v2\/types\/page"}],"author":[{"embeddable":true,"href":"https:\/\/filter.eu\/lv\/wp-json\/wp\/v2\/users\/2"}],"replies":[{"embeddable":true,"href":"https:\/\/filter.eu\/lv\/wp-json\/wp\/v2\/comments?post=15995"}],"version-history":[{"count":9,"href":"https:\/\/filter.eu\/lv\/wp-json\/wp\/v2\/pages\/15995\/revisions"}],"predecessor-version":[{"id":16100,"href":"https:\/\/filter.eu\/lv\/wp-json\/wp\/v2\/pages\/15995\/revisions\/16100"}],"wp:featuredmedia":[{"embeddable":true,"href":"https:\/\/filter.eu\/lv\/wp-json\/wp\/v2\/media\/16085"}],"wp:attachment":[{"href":"https:\/\/filter.eu\/lv\/wp-json\/wp\/v2\/media?parent=15995"}],"curies":[{"name":"wp","href":"https:\/\/api.w.org\/{rel}","templated":true}]}}