{"id":16289,"date":"2026-03-23T14:24:47","date_gmt":"2026-03-23T12:24:47","guid":{"rendered":"https:\/\/filter.eu\/?page_id=16289"},"modified":"2026-03-25T20:02:48","modified_gmt":"2026-03-25T18:02:48","slug":"filter-seminars-tvaika-sistemu-ekspluatacija-partikas-razosana","status":"publish","type":"page","link":"https:\/\/filter.eu\/lv\/filter-seminars-tvaika-sistemu-ekspluatacija-partikas-razosana\/","title":{"rendered":"FILTER Semin\u0101rs \u201cTvaika sist\u0113mu ekspluat\u0101cija p\u0101rtikas ra\u017eo\u0161an\u0101\u201d"},"content":{"rendered":"","protected":false},"excerpt":{"rendered":"","protected":false},"author":6,"featured_media":0,"parent":0,"menu_order":0,"comment_status":"closed","ping_status":"closed","template":"","meta":{"_acf_changed":false,"inline_featured_image":false,"footnotes":""},"class_list":["post-16289","page","type-page","status-publish","hentry"],"acf":[],"_links":{"self":[{"href":"https:\/\/filter.eu\/lv\/wp-json\/wp\/v2\/pages\/16289","targetHints":{"allow":["GET"]}}],"collection":[{"href":"https:\/\/filter.eu\/lv\/wp-json\/wp\/v2\/pages"}],"about":[{"href":"https:\/\/filter.eu\/lv\/wp-json\/wp\/v2\/types\/page"}],"author":[{"embeddable":true,"href":"https:\/\/filter.eu\/lv\/wp-json\/wp\/v2\/users\/6"}],"replies":[{"embeddable":true,"href":"https:\/\/filter.eu\/lv\/wp-json\/wp\/v2\/comments?post=16289"}],"version-history":[{"count":41,"href":"https:\/\/filter.eu\/lv\/wp-json\/wp\/v2\/pages\/16289\/revisions"}],"predecessor-version":[{"id":16521,"href":"https:\/\/filter.eu\/lv\/wp-json\/wp\/v2\/pages\/16289\/revisions\/16521"}],"wp:attachment":[{"href":"https:\/\/filter.eu\/lv\/wp-json\/wp\/v2\/media?parent=16289"}],"curies":[{"name":"wp","href":"https:\/\/api.w.org\/{rel}","templated":true}]}}