{"id":17394,"date":"2025-12-11T12:43:15","date_gmt":"2025-12-11T10:43:15","guid":{"rendered":"https:\/\/filter.eu\/clayton-steam-solutions\/"},"modified":"2026-05-12T12:53:53","modified_gmt":"2026-05-12T10:53:53","slug":"clayton-tvaika-generatori-un-industrialas-tvaika-sistemas","status":"publish","type":"page","link":"https:\/\/filter.eu\/lv\/clayton-tvaika-generatori-un-industrialas-tvaika-sistemas\/","title":{"rendered":"Clayton tvaika \u0123eneratori un industri\u0101l\u0101s tvaika sist\u0113mas"},"content":{"rendered":"","protected":false},"excerpt":{"rendered":"","protected":false},"author":2,"featured_media":14878,"parent":0,"menu_order":0,"comment_status":"closed","ping_status":"closed","template":"","meta":{"_acf_changed":false,"inline_featured_image":false,"footnotes":""},"class_list":["post-17394","page","type-page","status-publish","has-post-thumbnail","hentry"],"acf":[],"_links":{"self":[{"href":"https:\/\/filter.eu\/lv\/wp-json\/wp\/v2\/pages\/17394","targetHints":{"allow":["GET"]}}],"collection":[{"href":"https:\/\/filter.eu\/lv\/wp-json\/wp\/v2\/pages"}],"about":[{"href":"https:\/\/filter.eu\/lv\/wp-json\/wp\/v2\/types\/page"}],"author":[{"embeddable":true,"href":"https:\/\/filter.eu\/lv\/wp-json\/wp\/v2\/users\/2"}],"replies":[{"embeddable":true,"href":"https:\/\/filter.eu\/lv\/wp-json\/wp\/v2\/comments?post=17394"}],"version-history":[{"count":4,"href":"https:\/\/filter.eu\/lv\/wp-json\/wp\/v2\/pages\/17394\/revisions"}],"predecessor-version":[{"id":17398,"href":"https:\/\/filter.eu\/lv\/wp-json\/wp\/v2\/pages\/17394\/revisions\/17398"}],"wp:featuredmedia":[{"embeddable":true,"href":"https:\/\/filter.eu\/lv\/wp-json\/wp\/v2\/media\/14878"}],"wp:attachment":[{"href":"https:\/\/filter.eu\/lv\/wp-json\/wp\/v2\/media?parent=17394"}],"curies":[{"name":"wp","href":"https:\/\/api.w.org\/{rel}","templated":true}]}}